{"id":390,"date":"2019-11-12T15:23:21","date_gmt":"2019-11-12T15:23:21","guid":{"rendered":"https:\/\/www.manutan.pt\/blog\/?page_id=390"},"modified":"2022-09-09T11:47:18","modified_gmt":"2022-09-09T10:47:18","slug":"inicio","status":"publish","type":"page","link":"https:\/\/www.manutan.pt\/blog\/","title":{"rendered":"In\u00edcio"},"content":{"rendered":"\t\t<div data-elementor-type=\"wp-page\" data-elementor-id=\"390\" class=\"elementor elementor-390\" data-elementor-settings=\"[]\">\n\t\t\t<div class=\"elementor-inner\">\n\t\t\t\t<div class=\"elementor-section-wrap\">\n\t\t\t\t\t\t\t<section class=\"elementor-element elementor-element-8b32de9 elementor-section-height-min-height elementor-section-boxed elementor-section-height-default elementor-section-items-middle elementor-section elementor-top-section\" data-id=\"8b32de9\" data-element_type=\"section\">\n\t\t\t\t\t\t<div class=\"elementor-container elementor-column-gap-no\">\n\t\t\t\t<div class=\"elementor-row\">\n\t\t\t\t<div class=\"elementor-element elementor-element-30d6f7c elementor-column elementor-col-100 elementor-top-column\" data-id=\"30d6f7c\" data-element_type=\"column\">\n\t\t\t<div class=\"elementor-column-wrap  elementor-element-populated\">\n\t\t\t\t\t<div class=\"elementor-widget-wrap\">\n\t\t\t\t<div class=\"elementor-element elementor-element-a42a883 elementor-widget elementor-widget-shortcode\" data-id=\"a42a883\" data-element_type=\"widget\" data-widget_type=\"shortcode.default\">\n\t\t\t\t<div class=\"elementor-widget-container\">\n\t\t\t\n\t\t<div class=\"featured-post-content\">\n\t\t\t<a href=\"https:\/\/www.manutan.pt\/blog\/guia-compra-armazenamento-vertical-automatico\/\">\n\t\t\t\t<img src=\"https:\/\/www.manutan.pt\/blog\/wp-content\/uploads\/2026\/04\/A00516P2-2-scaled.jpeg\" alt=\"Guia de compra: como escolher o sistema de armazenamento vertical autom\u00e1tico ideal?\" \/>\n\t\t\t<\/a>\n\t\t\t\n\t\t\t<div class=\"post-content-wrapper-outter\">\n\t\t\t\t<div class=\"post-content-wrapper-inner\">\n\t\t\t\t\t<a href=\"https:\/\/www.manutan.pt\/blog\/guia-compra-armazenamento-vertical-automatico\/\" class=\"post-title\"><h2>Guia de compra: como escolher o sistema de armazenamento vertical autom\u00e1tico ideal?<\/h2><\/a>\n\t\t\t\t\t<div class=\"post-date\">16 Abril 2026<\/div>\n\t\t\t\t\t<div class=\"post-excerpt\">Ao tirar o m\u00e1ximo partido do volume do armaz\u00e9m e, ao mesmo tempo, otimizar os fluxos log\u00edsticos, o armazenamento vertical automatizado constitui uma poderosa alavanca para a competitividade empresarial. Tamb\u00e9m &hellip; <p class=\"link-more\"><a href=\"https:\/\/www.manutan.pt\/blog\/\" class=\"more-link\">Continue reading<span class=\"screen-reader-text\"> \"In\u00edcio\"<\/span><\/a><\/p><\/div>\n\t\t\t\t\t<div class=\"post-cta text-center\"><a href=\"https:\/\/www.manutan.pt\/blog\/guia-compra-armazenamento-vertical-automatico\/\">Ler Artigo<\/a><\/div>\n\t\t\t\t<\/div>\n\t\t\t<\/div>\n\t\t<\/div>\n\n\t\t\t\t<div class=\"elementor-shortcode\"><\/div>\n\t\t\t\t<\/div>\n\t\t\t\t<\/div>\n\t\t\t\t\t\t<\/div>\n\t\t\t<\/div>\n\t\t<\/div>\n\t\t\t\t\t\t<\/div>\n\t\t\t<\/div>\n\t\t<\/section>\n\t\t\t\t<section class=\"elementor-element elementor-element-54821c4 elementor-section-boxed elementor-section-height-default elementor-section-height-default elementor-section elementor-top-section\" data-id=\"54821c4\" data-element_type=\"section\">\n\t\t\t\t\t\t<div class=\"elementor-container elementor-column-gap-default\">\n\t\t\t\t<div class=\"elementor-row\">\n\t\t\t\t<div class=\"elementor-element elementor-element-a525688 elementor-column elementor-col-100 elementor-top-column\" data-id=\"a525688\" data-element_type=\"column\">\n\t\t\t<div class=\"elementor-column-wrap  elementor-element-populated\">\n\t\t\t\t\t<div class=\"elementor-widget-wrap\">\n\t\t\t\t<div class=\"elementor-element elementor-element-e08e3c2 elementor-widget elementor-widget-shortcode\" data-id=\"e08e3c2\" data-element_type=\"widget\" data-widget_type=\"shortcode.default\">\n\t\t\t\t<div class=\"elementor-widget-container\">\n\t\t\t\n\t\t\t<div class=\"row\">\n\t\t\t\n\n\t\t\t\t<div class=\"col-md-6 the-post-selector\">\n\t\t\t\t\t<div class=\"sec-featured-post-container\">\n\n\t\t\t\t\t\t<a href=\"https:\/\/www.manutan.pt\/blog\/gestao-aprovisionamentos-portugal\/\">\n\t\t\t\t\t\t\t<div class=\"post-video-overlay\">\n\t\t\t\t\t\t\t\t<img src=\"https:\/\/www.manutan.pt\/blog\/wp-content\/uploads\/2026\/01\/hero-kpi-compras-1768399765.png\" alt=\"Como otimizar a sua gest\u00e3o de aprovisionamentos?\" \/>\t\t\t\t\t\t\t\t<div class=\"\"><\/div>\n\t\t\t\t\t\t\t<\/div>\n\t\t\t\t\t\t<\/a>\n\n\t\t\t\t\t\t<div class=\"post-info-content\">\n\t\t\t\t\t\t\t<a href=\"https:\/\/www.manutan.pt\/blog\/gestao-aprovisionamentos-portugal\/\">\n\t\t\t\t\t\t\t\t<h2>Como otimizar a sua gest\u00e3o de aprovisionamentos?<\/h2>\n\t\t\t\t\t\t\t\t<div class=\"post-date\">15 Abril 2026<\/div>\n\t\t\t\t\t\t\t<\/a>\n\t\t\t\t\t\t\t<div class=\"clearer\"><\/div>\n\t\t\t\t\t\t<\/div>\n\n\t\t\t\t\t<\/div>\n\t\t\t\t<\/div>\n\n\t\t\t\t\n\n\t\t\t\t<div class=\"col-md-6 the-post-selector\">\n\t\t\t\t\t<div class=\"sec-featured-post-container\">\n\n\t\t\t\t\t\t<a href=\"https:\/\/www.manutan.pt\/blog\/e-invoicing-portugal-guia-empresas\/\">\n\t\t\t\t\t\t\t<div class=\"post-video-overlay\">\n\t\t\t\t\t\t\t\t<img src=\"https:\/\/www.manutan.pt\/blog\/wp-content\/uploads\/2026\/01\/hero-kpi-compras-1768400995.png\" alt=\"E\u2011invoicing em Portugal: o que \u00e9 e como preparar a sua empresa?\" \/>\t\t\t\t\t\t\t\t<div class=\"\"><\/div>\n\t\t\t\t\t\t\t<\/div>\n\t\t\t\t\t\t<\/a>\n\n\t\t\t\t\t\t<div class=\"post-info-content\">\n\t\t\t\t\t\t\t<a href=\"https:\/\/www.manutan.pt\/blog\/e-invoicing-portugal-guia-empresas\/\">\n\t\t\t\t\t\t\t\t<h2>E\u2011invoicing em Portugal: o que \u00e9 e como preparar a sua empresa?<\/h2>\n\t\t\t\t\t\t\t\t<div class=\"post-date\">14 Abril 2026<\/div>\n\t\t\t\t\t\t\t<\/a>\n\t\t\t\t\t\t\t<div class=\"clearer\"><\/div>\n\t\t\t\t\t\t<\/div>\n\n\t\t\t\t\t<\/div>\n\t\t\t\t<\/div>\n\n\t\t\t<\/div>\n\t\t\t<div class=\"elementor-shortcode\"><\/div>\n\t\t\t\t<\/div>\n\t\t\t\t<\/div>\n\t\t\t\t\t\t<\/div>\n\t\t\t<\/div>\n\t\t<\/div>\n\t\t\t\t\t\t<\/div>\n\t\t\t<\/div>\n\t\t<\/section>\n\t\t\t\t<section class=\"elementor-element elementor-element-ca82a64 elementor-section-boxed elementor-section-height-default elementor-section-height-default elementor-section elementor-top-section\" data-id=\"ca82a64\" data-element_type=\"section\" data-settings=\"{&quot;background_background&quot;:&quot;gradient&quot;,&quot;shape_divider_top&quot;:&quot;tilt&quot;,&quot;shape_divider_bottom&quot;:&quot;tilt&quot;}\">\n\t\t\t\t\t<div class=\"elementor-shape elementor-shape-top\" data-negative=\"false\">\n\t\t\t<svg xmlns=\"http:\/\/www.w3.org\/2000\/svg\" viewBox=\"0 0 1000 100\" preserveAspectRatio=\"none\">\n\t<path class=\"elementor-shape-fill\" d=\"M0,6V0h1000v100L0,6z\"\/>\n<\/svg>\t\t<\/div>\n\t\t\t\t<div class=\"elementor-shape elementor-shape-bottom\" data-negative=\"false\">\n\t\t\t<svg xmlns=\"http:\/\/www.w3.org\/2000\/svg\" viewBox=\"0 0 1000 100\" preserveAspectRatio=\"none\">\n\t<path class=\"elementor-shape-fill\" d=\"M0,6V0h1000v100L0,6z\"\/>\n<\/svg>\t\t<\/div>\n\t\t\t\t\t<div class=\"elementor-container elementor-column-gap-default\">\n\t\t\t\t<div class=\"elementor-row\">\n\t\t\t\t<div class=\"elementor-element elementor-element-99c7eed elementor-column elementor-col-100 elementor-top-column\" data-id=\"99c7eed\" data-element_type=\"column\">\n\t\t\t<div class=\"elementor-column-wrap  elementor-element-populated\">\n\t\t\t\t\t<div class=\"elementor-widget-wrap\">\n\t\t\t\t<div class=\"elementor-element elementor-element-47562d0 elementor-widget elementor-widget-spacer\" data-id=\"47562d0\" data-element_type=\"widget\" data-widget_type=\"spacer.default\">\n\t\t\t\t<div class=\"elementor-widget-container\">\n\t\t\t\t\t<div class=\"elementor-spacer\">\n\t\t\t<div class=\"elementor-spacer-inner\"><\/div>\n\t\t<\/div>\n\t\t\t\t<\/div>\n\t\t\t\t<\/div>\n\t\t\t\t<section class=\"elementor-element elementor-element-4f3427d elementor-section-boxed elementor-section-height-default elementor-section-height-default elementor-section elementor-inner-section\" data-id=\"4f3427d\" data-element_type=\"section\">\n\t\t\t\t\t\t<div class=\"elementor-container elementor-column-gap-default\">\n\t\t\t\t<div class=\"elementor-row\">\n\t\t\t\t<div class=\"elementor-element elementor-element-23f939d elementor-column elementor-col-33 elementor-inner-column\" data-id=\"23f939d\" data-element_type=\"column\">\n\t\t\t<div class=\"elementor-column-wrap  elementor-element-populated\">\n\t\t\t\t\t<div class=\"elementor-widget-wrap\">\n\t\t\t\t<div class=\"elementor-element elementor-element-dfd1520 elementor-widget elementor-widget-hello-world\" data-id=\"dfd1520\" data-element_type=\"widget\" data-widget_type=\"hello-world.default\">\n\t\t\t\t<div class=\"elementor-widget-container\">\n\t\t\t<div class=\"elementor-white-paper-wrapper\"><a href=\"https:\/\/www.manutan.pt\/blog\/controle-compras-selvagens\"><img width=\"400\" height=\"400\" src=\"https:\/\/www.manutan.pt\/blog\/wp-content\/uploads\/2022\/09\/banner_livre_blanc_domptez_achats_sauvages.jpg\" class=\"attachment-full size-full\" alt=\"compras selvagem\" loading=\"lazy\" srcset=\"https:\/\/www.manutan.pt\/blog\/wp-content\/uploads\/2022\/09\/banner_livre_blanc_domptez_achats_sauvages.jpg 400w, https:\/\/www.manutan.pt\/blog\/wp-content\/uploads\/2022\/09\/banner_livre_blanc_domptez_achats_sauvages-300x300.jpg 300w, https:\/\/www.manutan.pt\/blog\/wp-content\/uploads\/2022\/09\/banner_livre_blanc_domptez_achats_sauvages-150x150.jpg 150w, https:\/\/www.manutan.pt\/blog\/wp-content\/uploads\/2022\/09\/banner_livre_blanc_domptez_achats_sauvages-100x100.jpg 100w\" sizes=\"100vw\" \/><\/a><div class=\"elementor-white-paper-content\"><div class=\"white-paper-title-direction\"><p class=\"elementor-image-box-title\"><a href=\"https:\/\/www.manutan.pt\/blog\/controle-compras-selvagens\">White Paper<\/a><\/p><\/div><div class=\"white-paper-desc-direction\"><p class=\"elementor-image-box-description\">Controle as compras selvagens \n<\/p><\/div><div class=\"white-paper-button-direction\"><a class=\"elementor-image-box-button white-paper-button\" href=\"https:\/\/www.manutan.pt\/blog\/controle-compras-selvagens\"><span class=\"elementor-button-icon elementor-align-icon-left\"><i aria-hidden=\"true\" class=\"fas fa-download\"><\/i><\/span>Descarregar<\/a><\/div><\/div><\/div>\t\t<\/div>\n\t\t\t\t<\/div>\n\t\t\t\t\t\t<\/div>\n\t\t\t<\/div>\n\t\t<\/div>\n\t\t\t\t<div class=\"elementor-element elementor-element-3b188db elementor-column elementor-col-33 elementor-inner-column\" data-id=\"3b188db\" data-element_type=\"column\">\n\t\t\t<div class=\"elementor-column-wrap  elementor-element-populated\">\n\t\t\t\t\t<div class=\"elementor-widget-wrap\">\n\t\t\t\t<div class=\"elementor-element elementor-element-3b5b494 elementor-widget elementor-widget-hello-world\" data-id=\"3b5b494\" data-element_type=\"widget\" data-widget_type=\"hello-world.default\">\n\t\t\t\t<div class=\"elementor-widget-container\">\n\t\t\t<div class=\"elementor-white-paper-wrapper\"><a href=\"https:\/\/www.manutan.pt\/blog\/racionalize-carteira-fornecedores\"><img width=\"400\" height=\"400\" src=\"https:\/\/www.manutan.pt\/blog\/wp-content\/uploads\/2022\/09\/banner_livre_blanc_rationalisez_portefeuille_fournisseurs.jpg\" class=\"attachment-full size-full\" alt=\"Livro-branco\" loading=\"lazy\" srcset=\"https:\/\/www.manutan.pt\/blog\/wp-content\/uploads\/2022\/09\/banner_livre_blanc_rationalisez_portefeuille_fournisseurs.jpg 400w, https:\/\/www.manutan.pt\/blog\/wp-content\/uploads\/2022\/09\/banner_livre_blanc_rationalisez_portefeuille_fournisseurs-300x300.jpg 300w, https:\/\/www.manutan.pt\/blog\/wp-content\/uploads\/2022\/09\/banner_livre_blanc_rationalisez_portefeuille_fournisseurs-150x150.jpg 150w, https:\/\/www.manutan.pt\/blog\/wp-content\/uploads\/2022\/09\/banner_livre_blanc_rationalisez_portefeuille_fournisseurs-100x100.jpg 100w\" sizes=\"100vw\" \/><\/a><div class=\"elementor-white-paper-content\"><div class=\"white-paper-title-direction\"><p class=\"elementor-image-box-title\"><a href=\"https:\/\/www.manutan.pt\/blog\/racionalize-carteira-fornecedores\">White Paper<\/a><\/p><\/div><div class=\"white-paper-desc-direction\"><p class=\"elementor-image-box-description\">Racionalize a sua carteira de fornecedores<\/p><\/div><div class=\"white-paper-button-direction\"><a class=\"elementor-image-box-button white-paper-button\" href=\"https:\/\/www.manutan.pt\/blog\/racionalize-carteira-fornecedores\"><span class=\"elementor-button-icon elementor-align-icon-left\"><i aria-hidden=\"true\" class=\"fas fa-download\"><\/i><\/span>Descarregar<\/a><\/div><\/div><\/div>\t\t<\/div>\n\t\t\t\t<\/div>\n\t\t\t\t\t\t<\/div>\n\t\t\t<\/div>\n\t\t<\/div>\n\t\t\t\t<div class=\"elementor-element elementor-element-2acc9b3 elementor-column elementor-col-33 elementor-inner-column\" data-id=\"2acc9b3\" data-element_type=\"column\">\n\t\t\t<div class=\"elementor-column-wrap  elementor-element-populated\">\n\t\t\t\t\t<div class=\"elementor-widget-wrap\">\n\t\t\t\t<div class=\"elementor-element elementor-element-717c2ec elementor-widget elementor-widget-hello-world\" data-id=\"717c2ec\" data-element_type=\"widget\" data-widget_type=\"hello-world.default\">\n\t\t\t\t<div class=\"elementor-widget-container\">\n\t\t\t<div class=\"elementor-white-paper-wrapper\"><a href=\"https:\/\/www.manutan.pt\/blog\/6-alavancas-para-otimizar-sua-estrategia\/\"><img width=\"400\" height=\"400\" src=\"https:\/\/www.manutan.pt\/blog\/wp-content\/uploads\/2022\/09\/banner_livre_blanc_6_leviers_en.jpg\" class=\"attachment-full size-full\" alt=\"compras indiretas\" loading=\"lazy\" srcset=\"https:\/\/www.manutan.pt\/blog\/wp-content\/uploads\/2022\/09\/banner_livre_blanc_6_leviers_en.jpg 400w, https:\/\/www.manutan.pt\/blog\/wp-content\/uploads\/2022\/09\/banner_livre_blanc_6_leviers_en-300x300.jpg 300w, https:\/\/www.manutan.pt\/blog\/wp-content\/uploads\/2022\/09\/banner_livre_blanc_6_leviers_en-150x150.jpg 150w, https:\/\/www.manutan.pt\/blog\/wp-content\/uploads\/2022\/09\/banner_livre_blanc_6_leviers_en-100x100.jpg 100w\" sizes=\"100vw\" \/><\/a><div class=\"elementor-white-paper-content\"><div class=\"white-paper-title-direction\"><p class=\"elementor-image-box-title\"><a href=\"https:\/\/www.manutan.pt\/blog\/6-alavancas-para-otimizar-sua-estrategia\/\">White Paper<\/a><\/p><\/div><div class=\"white-paper-desc-direction\"><p class=\"elementor-image-box-description\">Compras indiretas: 6 alavancas de otimiza\u00e7\u00e3o<\/p><\/div><div class=\"white-paper-button-direction\"><a class=\"elementor-image-box-button white-paper-button\" href=\"https:\/\/www.manutan.pt\/blog\/6-alavancas-para-otimizar-sua-estrategia\/\"><span class=\"elementor-button-icon elementor-align-icon-left\"><i aria-hidden=\"true\" class=\"fas fa-download\"><\/i><\/span>Descarregar<\/a><\/div><\/div><\/div>\t\t<\/div>\n\t\t\t\t<\/div>\n\t\t\t\t\t\t<\/div>\n\t\t\t<\/div>\n\t\t<\/div>\n\t\t\t\t\t\t<\/div>\n\t\t\t<\/div>\n\t\t<\/section>\n\t\t\t\t<div class=\"elementor-element elementor-element-29ea27e elementor-widget elementor-widget-spacer\" data-id=\"29ea27e\" data-element_type=\"widget\" data-widget_type=\"spacer.default\">\n\t\t\t\t<div class=\"elementor-widget-container\">\n\t\t\t\t\t<div class=\"elementor-spacer\">\n\t\t\t<div class=\"elementor-spacer-inner\"><\/div>\n\t\t<\/div>\n\t\t\t\t<\/div>\n\t\t\t\t<\/div>\n\t\t\t\t\t\t<\/div>\n\t\t\t<\/div>\n\t\t<\/div>\n\t\t\t\t\t\t<\/div>\n\t\t\t<\/div>\n\t\t<\/section>\n\t\t\t\t<section class=\"elementor-element elementor-element-47f2a40 elementor-section-boxed elementor-section-height-default elementor-section-height-default elementor-section elementor-top-section\" data-id=\"47f2a40\" data-element_type=\"section\">\n\t\t\t\t\t\t<div class=\"elementor-container elementor-column-gap-default\">\n\t\t\t\t<div class=\"elementor-row\">\n\t\t\t\t<div class=\"elementor-element elementor-element-20be9f0 elementor-column elementor-col-100 elementor-top-column\" data-id=\"20be9f0\" data-element_type=\"column\">\n\t\t\t<div class=\"elementor-column-wrap  elementor-element-populated\">\n\t\t\t\t\t<div class=\"elementor-widget-wrap\">\n\t\t\t\t<div class=\"elementor-element elementor-element-065674c elementor-widget elementor-widget-shortcode\" data-id=\"065674c\" data-element_type=\"widget\" data-widget_type=\"shortcode.default\">\n\t\t\t\t<div class=\"elementor-widget-container\">\n\t\t\t\n\t\t\t<div class=\"row\">\n\t\t\t\n\n\t\t\t\t<div class=\"col-md-6 the-post-selector\">\n\t\t\t\t\t<div class=\"sec-featured-post-container\">\n\n\t\t\t\t\t\t<a href=\"https:\/\/www.manutan.pt\/blog\/solucoes-e-procurement-portugal\/\">\n\t\t\t\t\t\t\t<div class=\"post-video-overlay\">\n\t\t\t\t\t\t\t\t<img src=\"https:\/\/www.manutan.pt\/blog\/wp-content\/uploads\/2026\/01\/hero-kpi-compras-1768915202.png\" alt=\"Solu\u00e7\u00f5es de e\u2011procurement: os nossos servi\u00e7os para digitalizar as suas compras\" \/>\t\t\t\t\t\t\t\t<div class=\"\"><\/div>\n\t\t\t\t\t\t\t<\/div>\n\t\t\t\t\t\t<\/a>\n\n\t\t\t\t\t\t<div class=\"post-info-content\">\n\t\t\t\t\t\t\t<a href=\"https:\/\/www.manutan.pt\/blog\/solucoes-e-procurement-portugal\/\">\n\t\t\t\t\t\t\t\t<h2>Solu\u00e7\u00f5es de e\u2011procurement: os nossos servi\u00e7os para digitalizar as suas compras<\/h2>\n\t\t\t\t\t\t\t\t<div class=\"post-date\">14 Abril 2026<\/div>\n\t\t\t\t\t\t\t<\/a>\n\t\t\t\t\t\t\t<div class=\"clearer\"><\/div>\n\t\t\t\t\t\t<\/div>\n\n\t\t\t\t\t<\/div>\n\t\t\t\t<\/div>\n\n\t\t\t\t\n\n\t\t\t\t<div class=\"col-md-6 the-post-selector\">\n\t\t\t\t\t<div class=\"sec-featured-post-container\">\n\n\t\t\t\t\t\t<a href=\"https:\/\/www.manutan.pt\/blog\/funcao-compras-2030-roteiro-digital-portugal\/\">\n\t\t\t\t\t\t\t<div class=\"post-video-overlay\">\n\t\t\t\t\t\t\t\t<img src=\"https:\/\/www.manutan.pt\/blog\/wp-content\/uploads\/2026\/01\/hero-kpi-compras-1768315448.png\" alt=\"Qual ser\u00e1 o futuro da fun\u00e7\u00e3o de compras em 2030?\" \/>\t\t\t\t\t\t\t\t<div class=\"\"><\/div>\n\t\t\t\t\t\t\t<\/div>\n\t\t\t\t\t\t<\/a>\n\n\t\t\t\t\t\t<div class=\"post-info-content\">\n\t\t\t\t\t\t\t<a href=\"https:\/\/www.manutan.pt\/blog\/funcao-compras-2030-roteiro-digital-portugal\/\">\n\t\t\t\t\t\t\t\t<h2>Qual ser\u00e1 o futuro da fun\u00e7\u00e3o de compras em 2030?<\/h2>\n\t\t\t\t\t\t\t\t<div class=\"post-date\">14 Abril 2026<\/div>\n\t\t\t\t\t\t\t<\/a>\n\t\t\t\t\t\t\t<div class=\"clearer\"><\/div>\n\t\t\t\t\t\t<\/div>\n\n\t\t\t\t\t<\/div>\n\t\t\t\t<\/div>\n\n\t\t\t\t\n\n\t\t\t\t<div class=\"col-md-6 the-post-selector\">\n\t\t\t\t\t<div class=\"sec-featured-post-container\">\n\n\t\t\t\t\t\t<a href=\"https:\/\/www.manutan.pt\/blog\/e-procurement-europa-desafios-digitalizacao\/\">\n\t\t\t\t\t\t\t<div class=\"post-video-overlay\">\n\t\t\t\t\t\t\t\t<img src=\"https:\/\/www.manutan.pt\/blog\/wp-content\/uploads\/2026\/01\/hero-kpi-compras-1768399870.png\" alt=\"Quais s\u00e3o os desafios do e\u2011procurement na Europa e da digitaliza\u00e7\u00e3o dos processos de compras?\" \/>\t\t\t\t\t\t\t\t<div class=\"\"><\/div>\n\t\t\t\t\t\t\t<\/div>\n\t\t\t\t\t\t<\/a>\n\n\t\t\t\t\t\t<div class=\"post-info-content\">\n\t\t\t\t\t\t\t<a href=\"https:\/\/www.manutan.pt\/blog\/e-procurement-europa-desafios-digitalizacao\/\">\n\t\t\t\t\t\t\t\t<h2>Quais s\u00e3o os desafios do e\u2011procurement na Europa e da digitaliza\u00e7\u00e3o dos processos de compras?<\/h2>\n\t\t\t\t\t\t\t\t<div class=\"post-date\">14 Abril 2026<\/div>\n\t\t\t\t\t\t\t<\/a>\n\t\t\t\t\t\t\t<div class=\"clearer\"><\/div>\n\t\t\t\t\t\t<\/div>\n\n\t\t\t\t\t<\/div>\n\t\t\t\t<\/div>\n\n\t\t\t\t\n\n\t\t\t\t<div class=\"col-md-6 the-post-selector\">\n\t\t\t\t\t<div class=\"sec-featured-post-container\">\n\n\t\t\t\t\t\t<a href=\"https:\/\/www.manutan.pt\/blog\/6-alavancas-reducao-custos-compras-classe-c\/\">\n\t\t\t\t\t\t\t<div class=\"post-video-overlay\">\n\t\t\t\t\t\t\t\t<img src=\"https:\/\/www.manutan.pt\/blog\/wp-content\/uploads\/2026\/01\/hero-kpi-compras-1768315601.png\" alt=\"Quais s\u00e3o as 6 alavancas de redu\u00e7\u00e3o de custos para as compras de Classe C?\" \/>\t\t\t\t\t\t\t\t<div class=\"\"><\/div>\n\t\t\t\t\t\t\t<\/div>\n\t\t\t\t\t\t<\/a>\n\n\t\t\t\t\t\t<div class=\"post-info-content\">\n\t\t\t\t\t\t\t<a href=\"https:\/\/www.manutan.pt\/blog\/6-alavancas-reducao-custos-compras-classe-c\/\">\n\t\t\t\t\t\t\t\t<h2>Quais s\u00e3o as 6 alavancas de redu\u00e7\u00e3o de custos para as compras de Classe C?<\/h2>\n\t\t\t\t\t\t\t\t<div class=\"post-date\">14 Abril 2026<\/div>\n\t\t\t\t\t\t\t<\/a>\n\t\t\t\t\t\t\t<div class=\"clearer\"><\/div>\n\t\t\t\t\t\t<\/div>\n\n\t\t\t\t\t<\/div>\n\t\t\t\t<\/div>\n\n\t\t\t\t\n\n\t\t\t\t<div class=\"col-md-6 the-post-selector\">\n\t\t\t\t\t<div class=\"sec-featured-post-container\">\n\n\t\t\t\t\t\t<a href=\"https:\/\/www.manutan.pt\/blog\/ferramentas-compras-nova-geracao\/\">\n\t\t\t\t\t\t\t<div class=\"post-video-overlay\">\n\t\t\t\t\t\t\t\t<img src=\"https:\/\/www.manutan.pt\/blog\/wp-content\/uploads\/2026\/01\/hero-kpi-compras-1768322311.png\" alt=\"Quais s\u00e3o as 3 ferramentas de compras de nova gera\u00e7\u00e3o que tem mesmo de conhecer?\" \/>\t\t\t\t\t\t\t\t<div class=\"\"><\/div>\n\t\t\t\t\t\t\t<\/div>\n\t\t\t\t\t\t<\/a>\n\n\t\t\t\t\t\t<div class=\"post-info-content\">\n\t\t\t\t\t\t\t<a href=\"https:\/\/www.manutan.pt\/blog\/ferramentas-compras-nova-geracao\/\">\n\t\t\t\t\t\t\t\t<h2>Quais s\u00e3o as 3 ferramentas de compras de nova gera\u00e7\u00e3o que tem mesmo de conhecer?<\/h2>\n\t\t\t\t\t\t\t\t<div class=\"post-date\">14 Abril 2026<\/div>\n\t\t\t\t\t\t\t<\/a>\n\t\t\t\t\t\t\t<div class=\"clearer\"><\/div>\n\t\t\t\t\t\t<\/div>\n\n\t\t\t\t\t<\/div>\n\t\t\t\t<\/div>\n\n\t\t\t\t\n\n\t\t\t\t<div class=\"col-md-6 the-post-selector\">\n\t\t\t\t\t<div class=\"sec-featured-post-container\">\n\n\t\t\t\t\t\t<a href=\"https:\/\/www.manutan.pt\/blog\/metodologia-otimizar-compras-indiretas-savinside\/\">\n\t\t\t\t\t\t\t<div class=\"post-video-overlay\">\n\t\t\t\t\t\t\t\t<img src=\"https:\/\/www.manutan.pt\/blog\/wp-content\/uploads\/2026\/01\/hero-kpi-compras-1768321439.png\" alt=\"Uma metodologia comprovada para otimizar as compras indiretas\" \/>\t\t\t\t\t\t\t\t<div class=\"\"><\/div>\n\t\t\t\t\t\t\t<\/div>\n\t\t\t\t\t\t<\/a>\n\n\t\t\t\t\t\t<div class=\"post-info-content\">\n\t\t\t\t\t\t\t<a href=\"https:\/\/www.manutan.pt\/blog\/metodologia-otimizar-compras-indiretas-savinside\/\">\n\t\t\t\t\t\t\t\t<h2>Uma metodologia comprovada para otimizar as compras indiretas<\/h2>\n\t\t\t\t\t\t\t\t<div class=\"post-date\">14 Abril 2026<\/div>\n\t\t\t\t\t\t\t<\/a>\n\t\t\t\t\t\t\t<div class=\"clearer\"><\/div>\n\t\t\t\t\t\t<\/div>\n\n\t\t\t\t\t<\/div>\n\t\t\t\t<\/div>\n\n\t\t\t<\/div>\n\t\t\t<div class=\"elementor-shortcode\"><\/div>\n\t\t\t\t<\/div>\n\t\t\t\t<\/div>\n\t\t\t\t<div class=\"elementor-element elementor-element-ee82473 elementor-align-center cta-for-promo elementor-widget elementor-widget-button\" data-id=\"ee82473\" data-element_type=\"widget\" data-widget_type=\"button.default\">\n\t\t\t\t<div class=\"elementor-widget-container\">\n\t\t\t\t\t<div class=\"elementor-button-wrapper\">\n\t\t\t<a href=\"https:\/\/manutan.pt\/blog\/artigos\/\" class=\"elementor-button-link elementor-button elementor-size-sm\" role=\"button\">\n\t\t\t\t\t\t<span class=\"elementor-button-content-wrapper\">\n\t\t\t\t\t\t<span class=\"elementor-button-text\">Ver Todos os Artigos<\/span>\n\t\t<\/span>\n\t\t\t\t\t<\/a>\n\t\t<\/div>\n\t\t\t\t<\/div>\n\t\t\t\t<\/div>\n\t\t\t\t\t\t<\/div>\n\t\t\t<\/div>\n\t\t<\/div>\n\t\t\t\t\t\t<\/div>\n\t\t\t<\/div>\n\t\t<\/section>\n\t\t\t\t\t\t<\/div>\n\t\t\t<\/div>\n\t\t<\/div>\n\t\t","protected":false},"excerpt":{"rendered":"<p>White Paper Controle as compras selvagens Descarregar White Paper Racionalize a sua carteira de fornecedores Descarregar White Paper Compras indiretas: 6 alavancas de otimiza\u00e7\u00e3o Descarregar Ver Todos os Artigos<\/p>\n","protected":false},"author":3,"featured_media":0,"parent":0,"menu_order":0,"comment_status":"closed","ping_status":"closed","template":"","meta":[],"_links":{"self":[{"href":"https:\/\/www.manutan.pt\/blog\/wp-json\/wp\/v2\/pages\/390"}],"collection":[{"href":"https:\/\/www.manutan.pt\/blog\/wp-json\/wp\/v2\/pages"}],"about":[{"href":"https:\/\/www.manutan.pt\/blog\/wp-json\/wp\/v2\/types\/page"}],"author":[{"embeddable":true,"href":"https:\/\/www.manutan.pt\/blog\/wp-json\/wp\/v2\/users\/3"}],"replies":[{"embeddable":true,"href":"https:\/\/www.manutan.pt\/blog\/wp-json\/wp\/v2\/comments?post=390"}],"version-history":[{"count":60,"href":"https:\/\/www.manutan.pt\/blog\/wp-json\/wp\/v2\/pages\/390\/revisions"}],"predecessor-version":[{"id":2692,"href":"https:\/\/www.manutan.pt\/blog\/wp-json\/wp\/v2\/pages\/390\/revisions\/2692"}],"wp:attachment":[{"href":"https:\/\/www.manutan.pt\/blog\/wp-json\/wp\/v2\/media?parent=390"}],"curies":[{"name":"wp","href":"https:\/\/api.w.org\/{rel}","templated":true}]}}