{"id":2959,"date":"2023-08-24T11:33:19","date_gmt":"2023-08-24T10:33:19","guid":{"rendered":"https:\/\/www.manutan.pt\/blog\/?page_id=2959"},"modified":"2023-08-24T11:33:20","modified_gmt":"2023-08-24T10:33:20","slug":"livro-branco-ergonomia-no-trabalho","status":"publish","type":"page","link":"https:\/\/www.manutan.pt\/blog\/livro-branco-ergonomia-no-trabalho\/","title":{"rendered":"Descubra os desafios e as vantagens da ergonomia no local de trabalho"},"content":{"rendered":"\t\t<div data-elementor-type=\"wp-page\" data-elementor-id=\"2959\" class=\"elementor elementor-2959\" data-elementor-settings=\"[]\">\n\t\t\t<div class=\"elementor-inner\">\n\t\t\t\t<div class=\"elementor-section-wrap\">\n\t\t\t\t\t\t\t<section class=\"elementor-element elementor-element-432255e elementor-section-boxed elementor-section-height-default elementor-section-height-default elementor-section elementor-top-section\" data-id=\"432255e\" data-element_type=\"section\">\n\t\t\t\t\t\t<div class=\"elementor-container elementor-column-gap-default\">\n\t\t\t\t<div class=\"elementor-row\">\n\t\t\t\t<div class=\"elementor-element elementor-element-3812f3a elementor-column elementor-col-50 elementor-top-column\" data-id=\"3812f3a\" data-element_type=\"column\">\n\t\t\t<div class=\"elementor-column-wrap  elementor-element-populated\">\n\t\t\t\t\t<div class=\"elementor-widget-wrap\">\n\t\t\t\t<section class=\"elementor-element elementor-element-a1db38d elementor-section-boxed elementor-section-height-default elementor-section-height-default elementor-section elementor-inner-section\" data-id=\"a1db38d\" data-element_type=\"section\">\n\t\t\t\t\t\t<div class=\"elementor-container elementor-column-gap-default\">\n\t\t\t\t<div class=\"elementor-row\">\n\t\t\t\t<div class=\"elementor-element elementor-element-dc6d147 elementor-column elementor-col-100 elementor-inner-column\" data-id=\"dc6d147\" data-element_type=\"column\">\n\t\t\t<div class=\"elementor-column-wrap  elementor-element-populated\">\n\t\t\t\t\t<div class=\"elementor-widget-wrap\">\n\t\t\t\t<div class=\"elementor-element elementor-element-f4197a0 elementor-widget elementor-widget-heading\" data-id=\"f4197a0\" data-element_type=\"widget\" data-widget_type=\"heading.default\">\n\t\t\t\t<div class=\"elementor-widget-container\">\n\t\t\t<h1 class=\"elementor-heading-title elementor-size-default\">Descubra os desafios e as vantagens da ergonomia no local de trabalho <\/h1>\t\t<\/div>\n\t\t\t\t<\/div>\n\t\t\t\t<div class=\"elementor-element elementor-element-7c80d2f elementor-widget elementor-widget-text-editor\" data-id=\"7c80d2f\" data-element_type=\"widget\" data-widget_type=\"text-editor.default\">\n\t\t\t\t<div class=\"elementor-widget-container\">\n\t\t\t\t\t<div class=\"elementor-text-editor elementor-clearfix\"><p style=\"margin-bottom: 0cm; line-height: 137%;\">A sa\u00fade no trabalho e a efici\u00eancia das empresas est\u00e3o intimamente ligadas. A sa\u00fade dos trabalhadores tem um impacto direto na sua produtividade. Para cuidar da sa\u00fade e da seguran\u00e7a das suas equipas, \u00e9 necess\u00e1rio definir uma pol\u00edtica de ergonomia. Esta \u00e9 essencial para prevenir os riscos profissionais na sua empresa.\u00a0<\/p><p style=\"margin-bottom: 0cm; line-height: 137%;\">\u00a0<\/p><p style=\"margin-bottom: 0cm; line-height: 137%;\">\u00a0<\/p><p style=\"margin-bottom: 0cm; line-height: 137%;\">Na Europa, 60% das incapacidades permanentes para o trabalho s\u00e3o causadas por perturba\u00e7\u00f5es m\u00fasculo-esquel\u00e9ticas1. Tentar aumentar a produtividade ignorando as regras de ergonomia no trabalho \u00e9 contraproducente a longo prazo. Por outro lado, as adapta\u00e7\u00f5es ergon\u00f3micas reduzem a dificuldade de trabalhar e aumentam o bem-estar das equipas. Os trabalhadores felizes s\u00e3o, em m\u00e9dia, mais produtivos.\u00a0\u00a0<\/p><p style=\"margin-bottom: 0cm; line-height: 137%;\">\u00a0<\/p><p style=\"margin-bottom: 0cm; line-height: 137%;\">\u00a0<\/p><p style=\"margin-bottom: 0cm; line-height: 137%;\">Quer trabalhem num escrit\u00f3rio, num armaz\u00e9m ou numa oficina, todos os trabalhadores precisam que a disposi\u00e7\u00e3o do seu local de trabalho respeite a sua fisiologia no dia a dia. Este livro branco sobre ergonomia no local de trabalho foi concebido para ajudar as empresas a criar um ambiente de trabalho ergon\u00f3mico. Os nossos especialistas explicam:\u00a0<\/p><p style=\"margin-bottom: 0cm; line-height: 137%;\">\u00a0<\/p><ul><li style=\"line-height: 137%;\">Quais s\u00e3o as tr\u00eas dimens\u00f5es da ergonomia;\u00a0<\/li><\/ul><p style=\"margin-bottom: 0cm; line-height: 137%;\">\u00a0<\/p><ul><li style=\"line-height: 137%;\">Qual \u00e9 o impacto do ambiente de trabalho na sa\u00fade das suas equipas;\u00a0<\/li><\/ul><p style=\"margin-bottom: 0cm; line-height: 137%;\">\u00a0<\/p><ul><li style=\"line-height: 137%;\">Quais s\u00e3o as obriga\u00e7\u00f5es legais do empregador;\u00a0<\/li><\/ul><p style=\"margin-bottom: 0cm; line-height: 137%;\">\u00a0<\/p><ul><li style=\"line-height: 137%;\">Como estabelecer uma estrat\u00e9gia de preven\u00e7\u00e3o eficaz;\u00a0<\/li><\/ul><p style=\"margin-bottom: 0cm; line-height: 137%;\">\u00a0<\/p><ul><li style=\"line-height: 137%;\">Como conceber um local de trabalho ergon\u00f3mico.<\/li><\/ul><\/div>\n\t\t\t\t<\/div>\n\t\t\t\t<\/div>\n\t\t\t\t\t\t<\/div>\n\t\t\t<\/div>\n\t\t<\/div>\n\t\t\t\t\t\t<\/div>\n\t\t\t<\/div>\n\t\t<\/section>\n\t\t\t\t<div class=\"elementor-element elementor-element-d9a08eb elementor-widget elementor-widget-spacer\" data-id=\"d9a08eb\" data-element_type=\"widget\" data-widget_type=\"spacer.default\">\n\t\t\t\t<div class=\"elementor-widget-container\">\n\t\t\t\t\t<div class=\"elementor-spacer\">\n\t\t\t<div class=\"elementor-spacer-inner\"><\/div>\n\t\t<\/div>\n\t\t\t\t<\/div>\n\t\t\t\t<\/div>\n\t\t\t\t\t\t<\/div>\n\t\t\t<\/div>\n\t\t<\/div>\n\t\t\t\t<div class=\"elementor-element elementor-element-8a1a63f elementor-column elementor-col-50 elementor-top-column\" data-id=\"8a1a63f\" data-element_type=\"column\">\n\t\t\t<div class=\"elementor-column-wrap  elementor-element-populated\">\n\t\t\t\t\t<div class=\"elementor-widget-wrap\">\n\t\t\t\t<div class=\"elementor-element elementor-element-2a0d4f4 contact-form-white-pages elementor-widget elementor-widget-shortcode\" data-id=\"2a0d4f4\" data-element_type=\"widget\" data-widget_type=\"shortcode.default\">\n\t\t\t\t<div class=\"elementor-widget-container\">\n\t\t\t\t\t<div class=\"elementor-shortcode\"><div role=\"form\" class=\"wpcf7\" id=\"wpcf7-f366-o1\" lang=\"en-US\" dir=\"ltr\">\n<div class=\"screen-reader-response\"><\/div>\n<form action=\"\/blog\/wp-json\/wp\/v2\/pages\/2959#wpcf7-f366-o1\" method=\"post\" class=\"wpcf7-form\" novalidate=\"novalidate\">\n<div style=\"display: none;\">\n<input type=\"hidden\" name=\"_wpcf7\" value=\"366\" \/>\n<input type=\"hidden\" name=\"_wpcf7_version\" value=\"5.1.5\" \/>\n<input type=\"hidden\" name=\"_wpcf7_locale\" value=\"en_US\" \/>\n<input type=\"hidden\" name=\"_wpcf7_unit_tag\" value=\"wpcf7-f366-o1\" \/>\n<input type=\"hidden\" name=\"_wpcf7_container_post\" value=\"0\" \/>\n<\/div>\n<div class=\"row\">\n<div class=\"white-paper-container-bg\">\n<div style=\"display: none;\">\n<\/div>\n<div class=\"col-md-12\">\n<h2>Fa\u00e7a download gratuitamente:<\/h2>\n<\/p><\/div>\n<div class=\"col-md-12\">\n<input type=\"hidden\" name=\"current-url\" value=\"\" class=\"wpcf7-form-control wpcf7-hidden\" \/><\/div>\n<div class=\"col-md-12\">\n<input type=\"hidden\" name=\"source-url\" value=\"\" class=\"wpcf7-form-control wpcf7-hidden\" \/><\/div>\n<div class=\"col-md-12\">\n<input type=\"hidden\" name=\"sisco-id\" value=\"PT1\" class=\"wpcf7-form-control wpcf7-hidden\" \/><\/div>\n<div class=\"col-md-12\">\n<input type=\"hidden\" name=\"sisco-mail\" value=\"alexandra.costa@manutan.pt\" class=\"wpcf7-form-control wpcf7-hidden\" \/><\/div>\n<div class=\"col-md-12\">\n            <span class=\"wpcf7-form-control-wrap your-name\"><input type=\"text\" name=\"your-name\" value=\"\" size=\"40\" class=\"wpcf7-form-control wpcf7-text wpcf7-validates-as-required\" aria-required=\"true\" aria-invalid=\"false\" placeholder=\"Primeiro Nome*\" \/><\/span>\n        <\/div>\n<div class=\"col-md-12\">\n            <span class=\"wpcf7-form-control-wrap your-surname\"><input type=\"text\" name=\"your-surname\" value=\"\" size=\"40\" class=\"wpcf7-form-control wpcf7-text wpcf7-validates-as-required\" aria-required=\"true\" aria-invalid=\"false\" placeholder=\"\u00daltimo Nome*\" \/><\/span>\n        <\/div>\n<div class=\"col-md-12\">\n            <span class=\"wpcf7-form-control-wrap your-company\"><input type=\"text\" name=\"your-company\" value=\"\" size=\"40\" class=\"wpcf7-form-control wpcf7-text wpcf7-validates-as-required\" aria-required=\"true\" aria-invalid=\"false\" placeholder=\"Empresa*\" \/><\/span>\n        <\/div>\n<div class=\"col-md-12\">\n            <span class=\"wpcf7-form-control-wrap your-email\"><input type=\"email\" name=\"your-email\" value=\"\" size=\"40\" class=\"wpcf7-form-control wpcf7-text wpcf7-email wpcf7-validates-as-required wpcf7-validates-as-email\" aria-required=\"true\" aria-invalid=\"false\" placeholder=\"Email*\" \/><\/span>\n        <\/div>\n<div class=\"col-md-12\">\n            <span class=\"wpcf7-form-control-wrap your-phone\"><input type=\"tel\" name=\"your-phone\" value=\"\" size=\"40\" maxlength=\"9\" minlength=\"9\" class=\"wpcf7-form-control wpcf7-text wpcf7-tel wpcf7-validates-as-required wpcf7-validates-as-tel\" aria-required=\"true\" aria-invalid=\"false\" placeholder=\"Telefone*\" \/><\/span>\n        <\/div>\n<div class=\"col-md-12\">\n            <span class=\"wpcf7-form-control-wrap your-function\"><select name=\"your-function\" class=\"wpcf7-form-control wpcf7-select wpcf7-validates-as-required\" aria-required=\"true\" aria-invalid=\"false\"><option value=\"Fun\u00e7\u00e3o*\">Fun\u00e7\u00e3o*<\/option><option value=\"Diretor Geral\">Diretor Geral<\/option><option value=\"Diretor Administrativo ou Financeiro\">Diretor Administrativo ou Financeiro<\/option><option value=\"Diretor de Compras\">Diretor de Compras<\/option><option value=\"Chefe de Departamento\">Chefe de Departamento<\/option><option value=\"Chefe de Projeto\">Chefe de Projeto<\/option><option value=\"Assistente de Compras\/Administrativo\">Assistente de Compras\/Administrativo<\/option><option value=\"Professor\">Professor<\/option><option value=\"N\u00e3o Ativo (Estudante \/ Desempregado \/ Reformado\">N\u00e3o Ativo (Estudante \/ Desempregado \/ Reformado<\/option><option value=\"Outro\">Outro<\/option><\/select><\/span>\n        <\/div>\n<div class=\"col-md-12\">\n            <span class=\"wpcf7-form-control-wrap your-comp-size\"><select name=\"your-comp-size\" class=\"wpcf7-form-control wpcf7-select wpcf7-validates-as-required\" aria-required=\"true\" aria-invalid=\"false\"><option value=\"Tamanho da Empresa*\">Tamanho da Empresa*<\/option><option value=\"1-4\">1-4<\/option><option value=\"5-10\">5-10<\/option><option value=\"11-20\">11-20<\/option><option value=\"20-50\">20-50<\/option><option value=\"51-100\">51-100<\/option><option value=\"Mais de 100\">Mais de 100<\/option><\/select><\/span>\n        <\/div>\n<div class=\"col-md-12\">\n            <span class=\"wpcf7-form-control-wrap optin-into-nl\"><select name=\"optin-into-nl\" class=\"wpcf7-form-control wpcf7-select\" aria-invalid=\"false\"><option value=\"Deseja subscrever a Newsletter?\">Deseja subscrever a Newsletter?<\/option><option value=\"Sim\">Sim<\/option><option value=\"N\u00e3o\">N\u00e3o<\/option><\/select><\/span>\n        <\/div>\n<div class=\"col-md-12\">\n            <input type=\"submit\" value=\"Receber por email\" class=\"wpcf7-form-control wpcf7-submit\" \/>\n        <\/div>\n<p>\n            * campos obrigat\u00f3rios\n        <\/p>\n<p>\n            Os dados pessoais recolhidos atrav\u00e9s deste formul\u00e1rio ser\u00e3o tratados pelo Grupo Manutan para o processamento da sua solicita\u00e7\u00e3o. Tem o direito de retirar o seu consentimento em qualquer altura, sem comprometer a licitude do tratamento efetuado com base no consentimento previamente dado. O tratamento dos seus dados ser\u00e1 da exclusiva responsabilidade do Grupo Manutan, sendo que em caso algum ser\u00e1 cedido a qualquer entidade ou empresa externa ao grupo para outros fins.\n        <\/p>\n<\/p><\/div>\n<\/div>\n<p><script>var brake,selliString=\"&\",selliConnectorUrl=\"https:\/\/manutaninternational.emsecure.net\/optiext\/optiextension.dll?ID=Ji6VMPI_smWeWTBMSC%2Bmk4y8t3M_0YQJJqhjUe01wS9BbzwhPzh0P9rIc1GvUHxuORboX%2B0j2RAdJX\",docName=document.location.href.split(\"blog\/\")[1].split(\"\/\")[0],text=document.getElementsByClassName(\"wpcf7-form-control\"),pname=\"https:\/\/www.manutan.pt\/contentMAP\/pdf\/blog\/whitepapers\/\";function setDocName(){document.getElementsByName(\"current-url\")[0].value=pname+docName+\".pdf\",document.getElementsByName(\"source-url\")[0].value=docName}function getDocDetails(e){var t=e,n=document.location.href.split(\"blog\/\")[1].split(\"\/\")[0];if(0==t)for(var l in text)text[l].value&&(\"source-url\"==text[l].name&&(text[l].value=n),selliString+=text[l].name.replaceAll(\"-\",\"_\")+\"=\"+text[l].value+\"&\"),t=1,console.log(text[l].value)}document.addEventListener(\"wpcf7mailsent\",function(e){setDocName(),getDocDetails(0),window.open(selliConnectorUrl+selliString,\"_blank\")},!1);setDocName();<\/script><\/p>\n<div class=\"wpcf7-response-output wpcf7-display-none\"><\/div><\/form><\/div><\/div>\n\t\t\t\t<\/div>\n\t\t\t\t<\/div>\n\t\t\t\t\t\t<\/div>\n\t\t\t<\/div>\n\t\t<\/div>\n\t\t\t\t\t\t<\/div>\n\t\t\t<\/div>\n\t\t<\/section>\n\t\t\t\t\t\t<\/div>\n\t\t\t<\/div>\n\t\t<\/div>\n\t\t","protected":false},"excerpt":{"rendered":"<p>Descubra os desafios e as vantagens da ergonomia no local de trabalho A sa\u00fade no trabalho e a efici\u00eancia das empresas est\u00e3o intimamente ligadas. A sa\u00fade dos trabalhadores tem um &hellip; <\/p>\n<p class=\"link-more\"><a href=\"https:\/\/www.manutan.pt\/blog\/livro-branco-ergonomia-no-trabalho\/\" class=\"more-link\">Continue reading<span class=\"screen-reader-text\"> &#8220;Descubra os desafios e as vantagens da ergonomia no local de trabalho&#8221;<\/span><\/a><\/p>\n","protected":false},"author":1,"featured_media":0,"parent":0,"menu_order":0,"comment_status":"closed","ping_status":"closed","template":"template-parts\/white_page_template.php","meta":[],"_links":{"self":[{"href":"https:\/\/www.manutan.pt\/blog\/wp-json\/wp\/v2\/pages\/2959"}],"collection":[{"href":"https:\/\/www.manutan.pt\/blog\/wp-json\/wp\/v2\/pages"}],"about":[{"href":"https:\/\/www.manutan.pt\/blog\/wp-json\/wp\/v2\/types\/page"}],"author":[{"embeddable":true,"href":"https:\/\/www.manutan.pt\/blog\/wp-json\/wp\/v2\/users\/1"}],"replies":[{"embeddable":true,"href":"https:\/\/www.manutan.pt\/blog\/wp-json\/wp\/v2\/comments?post=2959"}],"version-history":[{"count":7,"href":"https:\/\/www.manutan.pt\/blog\/wp-json\/wp\/v2\/pages\/2959\/revisions"}],"predecessor-version":[{"id":2966,"href":"https:\/\/www.manutan.pt\/blog\/wp-json\/wp\/v2\/pages\/2959\/revisions\/2966"}],"wp:attachment":[{"href":"https:\/\/www.manutan.pt\/blog\/wp-json\/wp\/v2\/media?parent=2959"}],"curies":[{"name":"wp","href":"https:\/\/api.w.org\/{rel}","templated":true}]}}