{"id":2423,"date":"2022-04-04T03:11:40","date_gmt":"2022-04-04T02:11:40","guid":{"rendered":"https:\/\/www.manutan.pt\/blog\/?page_id=2423"},"modified":"2022-04-04T12:36:07","modified_gmt":"2022-04-04T11:36:07","slug":"responsabilidade-social-corporativa","status":"publish","type":"page","link":"https:\/\/www.manutan.pt\/blog\/responsabilidade-social-corporativa\/","title":{"rendered":"Livro Branco: Responsabilidade Social Corporativa"},"content":{"rendered":"\t\t<div data-elementor-type=\"wp-page\" data-elementor-id=\"2423\" class=\"elementor elementor-2423\" data-elementor-settings=\"[]\">\n\t\t\t<div class=\"elementor-inner\">\n\t\t\t\t<div class=\"elementor-section-wrap\">\n\t\t\t\t\t\t\t<section class=\"elementor-element elementor-element-432255e elementor-section-boxed elementor-section-height-default elementor-section-height-default elementor-section elementor-top-section\" data-id=\"432255e\" data-element_type=\"section\">\n\t\t\t\t\t\t<div class=\"elementor-container elementor-column-gap-default\">\n\t\t\t\t<div class=\"elementor-row\">\n\t\t\t\t<div class=\"elementor-element elementor-element-3812f3a elementor-column elementor-col-50 elementor-top-column\" data-id=\"3812f3a\" data-element_type=\"column\">\n\t\t\t<div class=\"elementor-column-wrap  elementor-element-populated\">\n\t\t\t\t\t<div class=\"elementor-widget-wrap\">\n\t\t\t\t<section class=\"elementor-element elementor-element-a1db38d elementor-section-boxed elementor-section-height-default elementor-section-height-default elementor-section elementor-inner-section\" data-id=\"a1db38d\" data-element_type=\"section\">\n\t\t\t\t\t\t<div class=\"elementor-container elementor-column-gap-default\">\n\t\t\t\t<div class=\"elementor-row\">\n\t\t\t\t<div class=\"elementor-element elementor-element-dc6d147 elementor-column elementor-col-100 elementor-inner-column\" data-id=\"dc6d147\" data-element_type=\"column\">\n\t\t\t<div class=\"elementor-column-wrap  elementor-element-populated\">\n\t\t\t\t\t<div class=\"elementor-widget-wrap\">\n\t\t\t\t<div class=\"elementor-element elementor-element-f4197a0 elementor-widget elementor-widget-heading\" data-id=\"f4197a0\" data-element_type=\"widget\" data-widget_type=\"heading.default\">\n\t\t\t\t<div class=\"elementor-widget-container\">\n\t\t\t<h1 class=\"elementor-heading-title elementor-size-default\">Livro Branco: Responsabilidade Social Corporativa<\/h1>\t\t<\/div>\n\t\t\t\t<\/div>\n\t\t\t\t<div class=\"elementor-element elementor-element-9971d0a elementor-widget elementor-widget-image\" data-id=\"9971d0a\" data-element_type=\"widget\" data-widget_type=\"image.default\">\n\t\t\t\t<div class=\"elementor-widget-container\">\n\t\t\t\t\t<div class=\"elementor-image\">\n\t\t\t\t\t\t\t\t\t\t<img width=\"300\" height=\"200\" src=\"https:\/\/www.manutan.pt\/blog\/wp-content\/uploads\/2022\/04\/mockup_couv_LB_RSE_PT-2048x1367-1-300x200.png\" class=\"attachment-medium size-medium\" alt=\"Livro Branco RSC\" loading=\"lazy\" srcset=\"https:\/\/www.manutan.pt\/blog\/wp-content\/uploads\/2022\/04\/mockup_couv_LB_RSE_PT-2048x1367-1-300x200.png 300w, https:\/\/www.manutan.pt\/blog\/wp-content\/uploads\/2022\/04\/mockup_couv_LB_RSE_PT-2048x1367-1-1024x684.png 1024w, https:\/\/www.manutan.pt\/blog\/wp-content\/uploads\/2022\/04\/mockup_couv_LB_RSE_PT-2048x1367-1-768x513.png 768w, https:\/\/www.manutan.pt\/blog\/wp-content\/uploads\/2022\/04\/mockup_couv_LB_RSE_PT-2048x1367-1-1536x1025.png 1536w, https:\/\/www.manutan.pt\/blog\/wp-content\/uploads\/2022\/04\/mockup_couv_LB_RSE_PT-2048x1367-1.png 2048w\" sizes=\"100vw\" \/>\t\t\t\t\t\t\t\t\t\t\t<\/div>\n\t\t\t\t<\/div>\n\t\t\t\t<\/div>\n\t\t\t\t<div class=\"elementor-element elementor-element-7c80d2f elementor-widget elementor-widget-text-editor\" data-id=\"7c80d2f\" data-element_type=\"widget\" data-widget_type=\"text-editor.default\">\n\t\t\t\t<div class=\"elementor-widget-container\">\n\t\t\t\t\t<div class=\"elementor-text-editor elementor-clearfix\"><p>Actualmente, as empresas est\u00e3o mais do que nunca empenhadas numa abordagem de RSC e integram cada vez mais as preocupa\u00e7\u00f5es sociais e ambientais da sociedade que nos rodeia.<\/p><p>No centro da sua actividade e a fim de satisfazer as necessidades dos seus clientes, surgem novas expectativas, impulsionadas por uma consci\u00eancia mais ambiental, sustent\u00e1vel e humana: compras respons\u00e1veis, desenvolvimento sustent\u00e1vel, rotulagem, paridade, diversidade, inclus\u00e3o&#8230; s\u00e3o hoje verdadeiros vectores de crescimento.<\/p><p>Neste livro, oferecemos-lhe as chaves para uma abordagem respons\u00e1vel baseada no papel que cada empresa desempenha na arena p\u00fablica, mas tamb\u00e9m na vida dos seus empregados, dos seus clientes e dos seus parceiros:<\/p><ul><li><b>Para empresas mais inclusivas:<\/b><\/li><li><b>Compras e desenvolvimento sustent\u00e1vel: para um novo equil\u00edbrio entre a oferta e a procura<\/b><\/li><li><b>Compra respons\u00e1vel: para novas rela\u00e7\u00f5es com os seus fornecedores<\/b><\/li><li><b>Quando a RSE constr\u00f3i a lealdade dos clientes<\/b><\/li><li><b>RSE, uma condi\u00e7\u00e3o para a atractividade da sua marca patronal<\/b><\/li><\/ul><\/div>\n\t\t\t\t<\/div>\n\t\t\t\t<\/div>\n\t\t\t\t\t\t<\/div>\n\t\t\t<\/div>\n\t\t<\/div>\n\t\t\t\t\t\t<\/div>\n\t\t\t<\/div>\n\t\t<\/section>\n\t\t\t\t\t\t<\/div>\n\t\t\t<\/div>\n\t\t<\/div>\n\t\t\t\t<div class=\"elementor-element elementor-element-8a1a63f elementor-column elementor-col-50 elementor-top-column\" data-id=\"8a1a63f\" data-element_type=\"column\">\n\t\t\t<div class=\"elementor-column-wrap  elementor-element-populated\">\n\t\t\t\t\t<div class=\"elementor-widget-wrap\">\n\t\t\t\t<div class=\"elementor-element elementor-element-2a0d4f4 contact-form-white-pages elementor-widget elementor-widget-shortcode\" data-id=\"2a0d4f4\" data-element_type=\"widget\" data-widget_type=\"shortcode.default\">\n\t\t\t\t<div class=\"elementor-widget-container\">\n\t\t\t\t\t<div class=\"elementor-shortcode\"><div role=\"form\" class=\"wpcf7\" id=\"wpcf7-f366-o1\" lang=\"en-US\" dir=\"ltr\">\n<div class=\"screen-reader-response\"><\/div>\n<form action=\"\/blog\/wp-json\/wp\/v2\/pages\/2423#wpcf7-f366-o1\" method=\"post\" class=\"wpcf7-form\" novalidate=\"novalidate\">\n<div style=\"display: none;\">\n<input type=\"hidden\" name=\"_wpcf7\" value=\"366\" \/>\n<input type=\"hidden\" name=\"_wpcf7_version\" value=\"5.1.5\" \/>\n<input type=\"hidden\" name=\"_wpcf7_locale\" value=\"en_US\" \/>\n<input type=\"hidden\" name=\"_wpcf7_unit_tag\" value=\"wpcf7-f366-o1\" \/>\n<input type=\"hidden\" name=\"_wpcf7_container_post\" value=\"0\" \/>\n<\/div>\n<div class=\"row\">\n<div class=\"white-paper-container-bg\">\n<div style=\"display: none;\">\n<\/div>\n<div class=\"col-md-12\">\n<h2>Fa\u00e7a download gratuitamente:<\/h2>\n<\/p><\/div>\n<div class=\"col-md-12\">\n<input type=\"hidden\" name=\"current-url\" value=\"\" class=\"wpcf7-form-control wpcf7-hidden\" \/><\/div>\n<div class=\"col-md-12\">\n<input type=\"hidden\" name=\"source-url\" value=\"\" class=\"wpcf7-form-control wpcf7-hidden\" \/><\/div>\n<div class=\"col-md-12\">\n<input type=\"hidden\" name=\"sisco-id\" value=\"PT1\" class=\"wpcf7-form-control wpcf7-hidden\" \/><\/div>\n<div class=\"col-md-12\">\n<input type=\"hidden\" name=\"sisco-mail\" value=\"alexandra.costa@manutan.pt\" class=\"wpcf7-form-control wpcf7-hidden\" \/><\/div>\n<div class=\"col-md-12\">\n            <span class=\"wpcf7-form-control-wrap your-name\"><input type=\"text\" name=\"your-name\" value=\"\" size=\"40\" class=\"wpcf7-form-control wpcf7-text wpcf7-validates-as-required\" aria-required=\"true\" aria-invalid=\"false\" placeholder=\"Primeiro Nome*\" \/><\/span>\n        <\/div>\n<div class=\"col-md-12\">\n            <span class=\"wpcf7-form-control-wrap your-surname\"><input type=\"text\" name=\"your-surname\" value=\"\" size=\"40\" class=\"wpcf7-form-control wpcf7-text wpcf7-validates-as-required\" aria-required=\"true\" aria-invalid=\"false\" placeholder=\"\u00daltimo Nome*\" \/><\/span>\n        <\/div>\n<div class=\"col-md-12\">\n            <span class=\"wpcf7-form-control-wrap your-company\"><input type=\"text\" name=\"your-company\" value=\"\" size=\"40\" class=\"wpcf7-form-control wpcf7-text wpcf7-validates-as-required\" aria-required=\"true\" aria-invalid=\"false\" placeholder=\"Empresa*\" \/><\/span>\n        <\/div>\n<div class=\"col-md-12\">\n            <span class=\"wpcf7-form-control-wrap your-email\"><input type=\"email\" name=\"your-email\" value=\"\" size=\"40\" class=\"wpcf7-form-control wpcf7-text wpcf7-email wpcf7-validates-as-required wpcf7-validates-as-email\" aria-required=\"true\" aria-invalid=\"false\" placeholder=\"Email*\" \/><\/span>\n        <\/div>\n<div class=\"col-md-12\">\n            <span class=\"wpcf7-form-control-wrap your-phone\"><input type=\"tel\" name=\"your-phone\" value=\"\" size=\"40\" maxlength=\"9\" minlength=\"9\" class=\"wpcf7-form-control wpcf7-text wpcf7-tel wpcf7-validates-as-required wpcf7-validates-as-tel\" aria-required=\"true\" aria-invalid=\"false\" placeholder=\"Telefone*\" \/><\/span>\n        <\/div>\n<div class=\"col-md-12\">\n            <span class=\"wpcf7-form-control-wrap your-function\"><select name=\"your-function\" class=\"wpcf7-form-control wpcf7-select wpcf7-validates-as-required\" aria-required=\"true\" aria-invalid=\"false\"><option value=\"Fun\u00e7\u00e3o*\">Fun\u00e7\u00e3o*<\/option><option value=\"Diretor Geral\">Diretor Geral<\/option><option value=\"Diretor Administrativo ou Financeiro\">Diretor Administrativo ou Financeiro<\/option><option value=\"Diretor de Compras\">Diretor de Compras<\/option><option value=\"Chefe de Departamento\">Chefe de Departamento<\/option><option value=\"Chefe de Projeto\">Chefe de Projeto<\/option><option value=\"Assistente de Compras\/Administrativo\">Assistente de Compras\/Administrativo<\/option><option value=\"Professor\">Professor<\/option><option value=\"N\u00e3o Ativo (Estudante \/ Desempregado \/ Reformado\">N\u00e3o Ativo (Estudante \/ Desempregado \/ Reformado<\/option><option value=\"Outro\">Outro<\/option><\/select><\/span>\n        <\/div>\n<div class=\"col-md-12\">\n            <span class=\"wpcf7-form-control-wrap your-comp-size\"><select name=\"your-comp-size\" class=\"wpcf7-form-control wpcf7-select wpcf7-validates-as-required\" aria-required=\"true\" aria-invalid=\"false\"><option value=\"Tamanho da Empresa*\">Tamanho da Empresa*<\/option><option value=\"1-4\">1-4<\/option><option value=\"5-10\">5-10<\/option><option value=\"11-20\">11-20<\/option><option value=\"20-50\">20-50<\/option><option value=\"51-100\">51-100<\/option><option value=\"Mais de 100\">Mais de 100<\/option><\/select><\/span>\n        <\/div>\n<div class=\"col-md-12\">\n            <span class=\"wpcf7-form-control-wrap optin-into-nl\"><select name=\"optin-into-nl\" class=\"wpcf7-form-control wpcf7-select\" aria-invalid=\"false\"><option value=\"Deseja subscrever a Newsletter?\">Deseja subscrever a Newsletter?<\/option><option value=\"Sim\">Sim<\/option><option value=\"N\u00e3o\">N\u00e3o<\/option><\/select><\/span>\n        <\/div>\n<div class=\"col-md-12\">\n            <input type=\"submit\" value=\"Receber por email\" class=\"wpcf7-form-control wpcf7-submit\" \/>\n        <\/div>\n<p>\n            * campos obrigat\u00f3rios\n        <\/p>\n<p>\n            Os dados pessoais recolhidos atrav\u00e9s deste formul\u00e1rio ser\u00e3o tratados pelo Grupo Manutan para o processamento da sua solicita\u00e7\u00e3o. Tem o direito de retirar o seu consentimento em qualquer altura, sem comprometer a licitude do tratamento efetuado com base no consentimento previamente dado. O tratamento dos seus dados ser\u00e1 da exclusiva responsabilidade do Grupo Manutan, sendo que em caso algum ser\u00e1 cedido a qualquer entidade ou empresa externa ao grupo para outros fins.\n        <\/p>\n<\/p><\/div>\n<\/div>\n<p><script>var brake,selliString=\"&\",selliConnectorUrl=\"https:\/\/manutaninternational.emsecure.net\/optiext\/optiextension.dll?ID=Ji6VMPI_smWeWTBMSC%2Bmk4y8t3M_0YQJJqhjUe01wS9BbzwhPzh0P9rIc1GvUHxuORboX%2B0j2RAdJX\",docName=document.location.href.split(\"blog\/\")[1].split(\"\/\")[0],text=document.getElementsByClassName(\"wpcf7-form-control\"),pname=\"https:\/\/www.manutan.pt\/contentMAP\/pdf\/blog\/whitepapers\/\";function setDocName(){document.getElementsByName(\"current-url\")[0].value=pname+docName+\".pdf\",document.getElementsByName(\"source-url\")[0].value=docName}function getDocDetails(e){var t=e,n=document.location.href.split(\"blog\/\")[1].split(\"\/\")[0];if(0==t)for(var l in text)text[l].value&&(\"source-url\"==text[l].name&&(text[l].value=n),selliString+=text[l].name.replaceAll(\"-\",\"_\")+\"=\"+text[l].value+\"&\"),t=1,console.log(text[l].value)}document.addEventListener(\"wpcf7mailsent\",function(e){setDocName(),getDocDetails(0),window.open(selliConnectorUrl+selliString,\"_blank\")},!1);setDocName();<\/script><\/p>\n<div class=\"wpcf7-response-output wpcf7-display-none\"><\/div><\/form><\/div><\/div>\n\t\t\t\t<\/div>\n\t\t\t\t<\/div>\n\t\t\t\t\t\t<\/div>\n\t\t\t<\/div>\n\t\t<\/div>\n\t\t\t\t\t\t<\/div>\n\t\t\t<\/div>\n\t\t<\/section>\n\t\t\t\t\t\t<\/div>\n\t\t\t<\/div>\n\t\t<\/div>\n\t\t","protected":false},"excerpt":{"rendered":"<p>Livro Branco: Responsabilidade Social Corporativa Actualmente, as empresas est\u00e3o mais do que nunca empenhadas numa abordagem de RSC e integram cada vez mais as preocupa\u00e7\u00f5es sociais e ambientais da sociedade &hellip; <\/p>\n<p class=\"link-more\"><a href=\"https:\/\/www.manutan.pt\/blog\/responsabilidade-social-corporativa\/\" class=\"more-link\">Continue reading<span class=\"screen-reader-text\"> &#8220;Livro Branco: Responsabilidade Social Corporativa&#8221;<\/span><\/a><\/p>\n","protected":false},"author":3,"featured_media":2420,"parent":0,"menu_order":0,"comment_status":"closed","ping_status":"closed","template":"template-parts\/white_page_template.php","meta":[],"_links":{"self":[{"href":"https:\/\/www.manutan.pt\/blog\/wp-json\/wp\/v2\/pages\/2423"}],"collection":[{"href":"https:\/\/www.manutan.pt\/blog\/wp-json\/wp\/v2\/pages"}],"about":[{"href":"https:\/\/www.manutan.pt\/blog\/wp-json\/wp\/v2\/types\/page"}],"author":[{"embeddable":true,"href":"https:\/\/www.manutan.pt\/blog\/wp-json\/wp\/v2\/users\/3"}],"replies":[{"embeddable":true,"href":"https:\/\/www.manutan.pt\/blog\/wp-json\/wp\/v2\/comments?post=2423"}],"version-history":[{"count":4,"href":"https:\/\/www.manutan.pt\/blog\/wp-json\/wp\/v2\/pages\/2423\/revisions"}],"predecessor-version":[{"id":2428,"href":"https:\/\/www.manutan.pt\/blog\/wp-json\/wp\/v2\/pages\/2423\/revisions\/2428"}],"wp:featuredmedia":[{"embeddable":true,"href":"https:\/\/www.manutan.pt\/blog\/wp-json\/wp\/v2\/media\/2420"}],"wp:attachment":[{"href":"https:\/\/www.manutan.pt\/blog\/wp-json\/wp\/v2\/media?parent=2423"}],"curies":[{"name":"wp","href":"https:\/\/api.w.org\/{rel}","templated":true}]}}